{"id":169,"date":"2023-06-07T17:01:03","date_gmt":"2023-06-07T15:01:03","guid":{"rendered":"https:\/\/starswimmers.de\/german\/?page_id=169"},"modified":"2025-12-02T19:27:54","modified_gmt":"2025-12-02T18:27:54","slug":"baby-schwimmschule-schwimmkurs-frankfurt-sonstiges","status":"publish","type":"page","link":"https:\/\/starswimmers.de\/german\/baby-schwimmschule-schwimmkurs-frankfurt-sonstiges\/","title":{"rendered":"Sonstiges"},"content":{"rendered":"<div class=\"wpb-content-wrapper\"><p>[vc_section css=&#8220;.vc_custom_1686151698058{margin-top: 0px !important;padding-top: 60px !important;background-color: #e7e5df !important;}&#8220;][vc_row][vc_column width=&#8220;2\/3&#8243;][vc_column_text]<\/p>\n<h1>Aqua-Kurse f\u00fcr Schwangere<\/h1>\n<p>Erwarten Sie Nachwuchs und suchen nach einer sicheren und sanften M\u00f6glichkeit, aktiv zu bleiben? Dann ist unser Schwangerschafts-Wassergymnastikkurs genau das Richtige f\u00fcr Sie! Unsere erfahrenen Trainer haben dieses Programm speziell f\u00fcr die besonderen Bed\u00fcrfnisse werdender M\u00fctter entwickelt und dabei die Ver\u00e4nderungen ber\u00fccksichtigt, die Ihr K\u00f6rper durchl\u00e4uft. Sie genie\u00dfen eine Kombination aus Kraft-, Ausdauer- und Entspannungs\u00fcbungen, die Ihnen helfen, fit zu bleiben und Ihren K\u00f6rper auf den gro\u00dfen Tag vorzubereiten, ohne Ihre Gelenke \u00fcberm\u00e4\u00dfig zu belasten.[\/vc_column_text][\/vc_column][vc_column width=&#8220;1\/3&#8243;][vc_empty_space]<div  class=\"wpb_content_element   clearfix\"><style type=\"text\/css\">#ut_am_69d443dc27947 { opacity: 1; }#ut_am_wrap_69d443dc27948 .ut-image-gallery-item-caption-title h3 { letter-spacing: 0em; }#ut_am_wrap_69d443dc27948 .ut-gallery-slider-caption { font-weight: bold; }#ut_am_wrap_69d443dc27948 { text-align: center; }@media (min-width: 768px) and (max-width: 1024px) { #ut_am_wrap_69d443dc27948 { text-align: center !important; } }@media (max-width: 767px) { #ut_am_wrap_69d443dc27948 { text-align: center !important; } }<\/style><div id=\"ut_am_wrap_69d443dc27948\" class=\"ut-image-gallery-image \"><div id=\"ut_reveal_69d443dc2794a\"  data-appear-top-offset=\"auto\" class=\"ut-animated-image-item ut-image-gallery-item ut-animation-done \"><a class=\"ut-deactivated-link\" href=\"#\"><div class=\"ut-animated-image-zoom\"><img loading=\"lazy\" decoding=\"async\" class=\"ut-lazy skip-lazy ut-animated-image \"  id=\"ut_am_69d443dc27947\" src=\"data:image\/svg+xml;charset=utf-8,%3Csvg xmlns%3D'http%3A%2F%2Fwww.w3.org%2F2000%2Fsvg' viewBox%3D'0 0 163 200'%2F%3E\" data-src=\"https:\/\/starswimmers.de\/german\/wp-content\/uploads\/2025\/11\/Babyschwimmen-Schwimmschule-Baby-Schwimmkurs-Frankfurt-Sachsenhausen.png\" width=\"163\" height=\"200\" alt=\"Unsere Schwimmschule in Frankfurt Sachsenhausen bietet sichere und liebevolle Betreuung w\u00e4hrend des Babyschwimmkurses.\"\/><\/div><\/a><\/div><\/div><\/div>[\/vc_column][\/vc_row][\/vc_section][vc_section section_separator_top=&#8220;true&#8220; section_separator_svg_top=&#8220;double_wave_1&#8243; section_separator_top_height=&#8220;10&#8243; section_separator_bottom=&#8220;true&#8220; section_separator_svg_bottom=&#8220;double_wave_1&#8243; section_separator_bottom_height=&#8220;10&#8243; section_separator_top_color_1=&#8220;#e7e5df&#8220; section_separator_bottom_color_1=&#8220;#e7e5df&#8220;][vc_row][vc_column width=&#8220;1\/3&#8243;][vc_empty_space height=&#8220;20px&#8220;]<div  class=\"wpb_content_element   clearfix\"><style type=\"text\/css\">#ut_am_69d443dc27def { opacity: 1; }#ut_am_wrap_69d443dc27df0 .ut-image-gallery-item-caption-title h3 { letter-spacing: 0em; }#ut_am_wrap_69d443dc27df0 .ut-gallery-slider-caption { font-weight: bold; }#ut_am_wrap_69d443dc27df0 { text-align: center; }@media (min-width: 768px) and (max-width: 1024px) { #ut_am_wrap_69d443dc27df0 { text-align: center !important; } }@media (max-width: 767px) { #ut_am_wrap_69d443dc27df0 { text-align: center !important; } }<\/style><div id=\"ut_am_wrap_69d443dc27df0\" class=\"ut-image-gallery-image \"><div id=\"ut_reveal_69d443dc27df1\"  data-appear-top-offset=\"auto\" class=\"ut-animated-image-item ut-image-gallery-item ut-animation-done \"><a class=\"ut-deactivated-link\" href=\"#\"><div class=\"ut-animated-image-zoom\"><img loading=\"lazy\" decoding=\"async\" class=\"ut-lazy skip-lazy ut-animated-image \"  id=\"ut_am_69d443dc27def\" src=\"data:image\/svg+xml;charset=utf-8,%3Csvg xmlns%3D'http%3A%2F%2Fwww.w3.org%2F2000%2Fsvg' viewBox%3D'0 0 203 200'%2F%3E\" data-src=\"https:\/\/starswimmers.de\/german\/wp-content\/uploads\/2025\/11\/Babyschwimmen-Schwimmschule-Schwimmkurs-Baby-Frankfurt-Sachsenhausen.png\" width=\"203\" height=\"200\" alt=\"Unsere Schwimmschule in Frankfurt Sachsenhausen bietet sichere und liebevolle Betreuung w\u00e4hrend des Babyschwimmkurses.\"\/><\/div><\/a><\/div><\/div><\/div>[\/vc_column][vc_column width=&#8220;2\/3&#8243;][vc_column_text]<\/p>\n<h1>Schwimmen zu Hause<\/h1>\n<p>Haben Sie Zugang zu einem Schwimmbad in Ihrer Wohnanlage oder Ihrem Wohnhaus in Frankfurt? Wir bringen den Unterricht zu Ihnen und Sie lernen bequem in Ihrer eigenen Wohnung in einer vertrauten Umgebung. Unser erfahrener Lehrer widmet sich ganz Ihnen und passt den Unterricht an Ihre individuellen Bed\u00fcrfnisse an, damit Sie schneller und mit der richtigen Technik lernen. Unser Schwimmprogramm zu Hause richtet sich an alle Altersgruppen, von Babys bis zu Senioren, und alle Leistungsstufen, von Anf\u00e4ngern bis zu Wettkampfschwimmern.[\/vc_column_text][\/vc_column][\/vc_row][\/vc_section][vc_section section_separator_bottom=&#8220;true&#8220; section_separator_svg_bottom=&#8220;double_wave_1&#8243; section_separator_bottom_height=&#8220;10&#8243; css=&#8220;.vc_custom_1686151803185{background-color: #e7e5df !important;}&#8220; section_separator_bottom_color_1=&#8220;#ffffff&#8220;][vc_row][vc_column width=&#8220;2\/3&#8243;][vc_column_text]<\/p>\n<h1>Fotoshooting<\/h1>\n<p>M\u00f6chten Sie die wertvollen Erinnerungen an die Schwimmkarriere Ihres Kindes festhalten? Starswimmers bietet Ihnen die einmalige Gelegenheit, ein Fotoshooting mit Jordana Barale zu machen, einer renommierten internationalen Fotografin aus London, die auch Babyschwimmlehrerin ist.<\/p>\n<p>Bitte beachten Sie, dass Ihr Baby vor der Buchung eines Fotoshootings sicher und wohl unter Wasser sein sollte. Das Fotoshooting findet nur an wenigen ausgew\u00e4hlten Terminen im Jahr statt. Wenn Sie Kunde von Starswimmers sind, informieren wir Sie, wann das n\u00e4chste Fotoshooting stattfindet. Andernfalls folgen Sie uns bitte auf Instagram, um auf dem Laufenden zu bleiben.[\/vc_column_text][\/vc_column][vc_column width=&#8220;1\/3&#8243;][vc_empty_space height=&#8220;60px&#8220;]<div  class=\"wpb_content_element   clearfix\"><style type=\"text\/css\">#ut_am_69d443dc281d9 { opacity: 1; }#ut_am_wrap_69d443dc281da .ut-image-gallery-item-caption-title h3 { letter-spacing: 0em; }#ut_am_wrap_69d443dc281da .ut-gallery-slider-caption { font-weight: bold; }#ut_am_wrap_69d443dc281da { text-align: center; }@media (min-width: 768px) and (max-width: 1024px) { #ut_am_wrap_69d443dc281da { text-align: center !important; } }@media (max-width: 767px) { #ut_am_wrap_69d443dc281da { text-align: center !important; } }<\/style><div id=\"ut_am_wrap_69d443dc281da\" class=\"ut-image-gallery-image \"><div id=\"ut_reveal_69d443dc281db\"  data-appear-top-offset=\"auto\" class=\"ut-animated-image-item ut-image-gallery-item ut-animation-done \"><a class=\"ut-deactivated-link\" href=\"#\"><div class=\"ut-animated-image-zoom\"><img loading=\"lazy\" decoding=\"async\" class=\"ut-lazy skip-lazy ut-animated-image \"  id=\"ut_am_69d443dc281d9\" src=\"data:image\/svg+xml;charset=utf-8,%3Csvg xmlns%3D'http%3A%2F%2Fwww.w3.org%2F2000%2Fsvg' viewBox%3D'0 0 208 200'%2F%3E\" data-src=\"https:\/\/starswimmers.de\/german\/wp-content\/uploads\/2025\/11\/Baby-Schwimmschule-Babyschwimmen-Schwimmkurs-Frankfurt-Sachsenhausen.png\" width=\"208\" height=\"200\" alt=\"Unsere Schwimmschule in Frankfurt Sachsenhausen bietet sichere und liebevolle Betreuung w\u00e4hrend des Babyschwimmkurses.\"\/><\/div><\/a><\/div><\/div><\/div>[\/vc_column][\/vc_row][\/vc_section]<\/p>\n<\/div>","protected":false},"excerpt":{"rendered":"<p>[vc_section css=&#8220;.vc_custom_1686151698058{margin-top: 0px !important;padding-top: 60px !important;background-color: #e7e5df !important;}&#8220;][vc_row][vc_column width=&#8220;2\/3&#8243;][vc_column_text] Aqua-Kurse f\u00fcr Schwangere Erwarten Sie Nachwuchs und suchen nach einer sicheren und sanften M\u00f6glichkeit, aktiv zu bleiben? Dann ist unser Schwangerschafts-Wassergymnastikkurs genau das Richtige f\u00fcr Sie! Unsere erfahrenen Trainer haben dieses Programm speziell f\u00fcr die besonderen Bed\u00fcrfnisse werdender M\u00fctter entwickelt und dabei die Ver\u00e4nderungen ber\u00fccksichtigt, die [&hellip;]<\/p>\n","protected":false},"author":1,"featured_media":0,"parent":0,"menu_order":0,"comment_status":"closed","ping_status":"closed","template":"","meta":{"footnotes":""},"class_list":["post-169","page","type-page","status-publish","hentry"],"_links":{"self":[{"href":"https:\/\/starswimmers.de\/german\/wp-json\/wp\/v2\/pages\/169","targetHints":{"allow":["GET"]}}],"collection":[{"href":"https:\/\/starswimmers.de\/german\/wp-json\/wp\/v2\/pages"}],"about":[{"href":"https:\/\/starswimmers.de\/german\/wp-json\/wp\/v2\/types\/page"}],"author":[{"embeddable":true,"href":"https:\/\/starswimmers.de\/german\/wp-json\/wp\/v2\/users\/1"}],"replies":[{"embeddable":true,"href":"https:\/\/starswimmers.de\/german\/wp-json\/wp\/v2\/comments?post=169"}],"version-history":[{"count":8,"href":"https:\/\/starswimmers.de\/german\/wp-json\/wp\/v2\/pages\/169\/revisions"}],"predecessor-version":[{"id":531,"href":"https:\/\/starswimmers.de\/german\/wp-json\/wp\/v2\/pages\/169\/revisions\/531"}],"wp:attachment":[{"href":"https:\/\/starswimmers.de\/german\/wp-json\/wp\/v2\/media?parent=169"}],"curies":[{"name":"wp","href":"https:\/\/api.w.org\/{rel}","templated":true}]}}