{"id":225,"date":"2023-06-10T20:16:49","date_gmt":"2023-06-10T18:16:49","guid":{"rendered":"https:\/\/starswimmers.de\/german\/?page_id=225"},"modified":"2025-12-02T19:32:21","modified_gmt":"2025-12-02T18:32:21","slug":"baby-schwimmschule-schwimmkurs-frankfurt-erfahrungsberichte","status":"publish","type":"page","link":"https:\/\/starswimmers.de\/german\/baby-schwimmschule-schwimmkurs-frankfurt-erfahrungsberichte\/","title":{"rendered":"Erfahrungsberichte"},"content":{"rendered":"<div class=\"wpb-content-wrapper\"><p>[vc_section css=&#8220;.vc_custom_1686421007064{margin-top: 0px !important;padding-top: 60px !important;}&#8220;][vc_row][vc_column][vc_column_text]<\/p>\n<h1 style=\"text-align: center;\"><span id=\"iiMElaZmzJ9aHxc8P_JfasQo_3\" data-processed=\"true\"><span class=\"T286Pc\" data-sfc-cp=\"\"><strong class=\"Yjhzub\">Erfahrungsberichte<\/strong><\/span><\/span><\/h1>\n<p>[\/vc_column_text][\/vc_column][\/vc_row][vc_row css=&#8220;.vc_custom_1686452213742{margin-top: 0px !important;margin-bottom: 20px !important;padding-top: 0px !important;padding-bottom: 0px !important;}&#8220;][vc_column]<div class=\"wpb_content_element ut-gallery-5  vc_custom_1764695186453 clearfix\"><style type=\"text\/css\">#ut_ig_69d443dc241f5 .ut-lazy:not(.ut-image-loaded) + .ut-video-module-loading { display:block; }#ut_ig_69d443dc241f5 .ut-lazy.ut-image-loaded + .ut-video-module-loading { display:none; }<\/style><div id=\"ut_ig_69d443dc241f5\" class=\"ut-image-gallery ut-image-gallery-module  ut-image-gallery-5 clearfix\" data-settings=\"{&quot;animate&quot;:true,&quot;effect&quot;:&quot;&quot;,&quot;lazy&quot;:true,&quot;delay_animation&quot;:false,&quot;global_delay_animation&quot;:false,&quot;delay_timer&quot;:100,&quot;global_delay_timer&quot;:100}\" ><div  data-count=\"3\" class=\"ut-image-gallery-item ut-animation-done grid-33 tablet-grid-33 mobile-grid-100\"><a  class=\"ut-vc-images-lightbox ut-vc-images-lightbox-group-image\" data-sub-html=\"#ut-image-caption-516\" data-exthumbimage=\"https:\/\/starswimmers.de\/german\/wp-content\/uploads\/2025\/11\/Frankfurt-Schwimmschule-Schwimmkurs-Baby-Babyschwimmen-Sachsenhausen-200x200.jpg\" href=\"https:\/\/starswimmers.de\/german\/wp-content\/uploads\/2025\/11\/Frankfurt-Schwimmschule-Schwimmkurs-Baby-Babyschwimmen-Sachsenhausen.jpg\" ><div class=\"ut-image-gallery-image\" ><img loading=\"lazy\" decoding=\"async\"  class=\" ut-lazy skip-lazy\" src=\"data:image\/svg+xml;charset=utf-8,%3Csvg xmlns%3D'http%3A%2F%2Fwww.w3.org%2F2000%2Fsvg' viewBox%3D'0 0 889 649'%2F%3E\" data-src=\"https:\/\/starswimmers.de\/german\/wp-content\/uploads\/2025\/11\/Frankfurt-Schwimmschule-Schwimmkurs-Baby-Babyschwimmen-Sachsenhausen.jpg\" width=\"889\" height=\"649\"><\/div><div id=\"ut-image-caption-516\" class=\"ut-vc-images-lightbox-caption\">Unsere Schwimmschule in Frankfurt Sachsenhausen bietet Babyschwimmkurse f\u00fcr kleine Kinder an.<\/div><\/a><\/div><div  data-count=\"3\" class=\"ut-image-gallery-item ut-animation-done ut-animation-done grid-33 tablet-grid-33 mobile-grid-100\"><a  class=\"ut-vc-images-lightbox ut-vc-images-lightbox-group-image\" data-sub-html=\"#ut-image-caption-497\" data-exthumbimage=\"https:\/\/starswimmers.de\/german\/wp-content\/uploads\/2025\/11\/Frankfurt-Schwimmkurs-Babyschwimmen-Schwimmschule-Baby-Sachsenhausen-200x200.jpg\" href=\"https:\/\/starswimmers.de\/german\/wp-content\/uploads\/2025\/11\/Frankfurt-Schwimmkurs-Babyschwimmen-Schwimmschule-Baby-Sachsenhausen.jpg\" ><div class=\"ut-image-gallery-image\" ><img loading=\"lazy\" decoding=\"async\"  class=\" ut-lazy skip-lazy\" src=\"data:image\/svg+xml;charset=utf-8,%3Csvg xmlns%3D'http%3A%2F%2Fwww.w3.org%2F2000%2Fsvg' viewBox%3D'0 0 867 461'%2F%3E\" data-src=\"https:\/\/starswimmers.de\/german\/wp-content\/uploads\/2025\/11\/Frankfurt-Schwimmkurs-Babyschwimmen-Schwimmschule-Baby-Sachsenhausen.jpg\" width=\"867\" height=\"461\"><\/div><div id=\"ut-image-caption-497\" class=\"ut-vc-images-lightbox-caption\">Unsere Schwimmschule in Frankfurt Sachsenhausen bietet Babyschwimmkurse f\u00fcr kleine Kinder an.<\/div><\/a><\/div><div  data-count=\"3\" class=\"ut-image-gallery-item ut-animation-done ut-animation-done ut-animation-done grid-33 tablet-grid-33 mobile-grid-100\"><a  class=\"ut-vc-images-lightbox ut-vc-images-lightbox-group-image\" data-sub-html=\"#ut-image-caption-514\" data-exthumbimage=\"https:\/\/starswimmers.de\/german\/wp-content\/uploads\/2025\/11\/Babyschwimmen-Frankfurt-Schwimmschule-Schwimmkurs-Baby-Sachsenhausen-200x200.jpg\" href=\"https:\/\/starswimmers.de\/german\/wp-content\/uploads\/2025\/11\/Babyschwimmen-Frankfurt-Schwimmschule-Schwimmkurs-Baby-Sachsenhausen.jpg\" ><div class=\"ut-image-gallery-image\" ><img loading=\"lazy\" decoding=\"async\"  class=\" ut-lazy skip-lazy\" src=\"data:image\/svg+xml;charset=utf-8,%3Csvg xmlns%3D'http%3A%2F%2Fwww.w3.org%2F2000%2Fsvg' viewBox%3D'0 0 800 596'%2F%3E\" data-src=\"https:\/\/starswimmers.de\/german\/wp-content\/uploads\/2025\/11\/Babyschwimmen-Frankfurt-Schwimmschule-Schwimmkurs-Baby-Sachsenhausen.jpg\" width=\"800\" height=\"596\"><\/div><div id=\"ut-image-caption-514\" class=\"ut-vc-images-lightbox-caption\">Unsere Schwimmschule in Frankfurt Sachsenhausen bietet Babyschwimmkurse f\u00fcr kleine Kinder an.<\/div><\/a><\/div><div class=\"ut-image-gallery-sizer\"><\/div><div class=\"clear\"><\/div><\/div><\/div>[\/vc_column][\/vc_row][vc_row][vc_column width=&#8220;1\/2&#8243; css=&#8220;.vc_custom_1686420174312{background-color: #e7e5df !important;border-radius: 10px !important;}&#8220;][vc_column_text]Als Mutterschaftskrankenschwester und Kinderm\u00e4dchen, die weltweit und mit unz\u00e4hligen VIP-Familien gearbeitet hat, habe ich viele Schwimmlehrer und deren Unterricht kennengelernt und beobachtet und viel Zeit im Schwimmbad verbracht. Zu sagen, dass Julianna in Bezug auf ihre Fachkenntnisse im Schwimmunterricht \u00fcberdurchschnittlich gut ist, w\u00e4re eine Untertreibung. Juliannas Unterricht \u00fcbertrifft alles, was ich bisher in Bezug auf den Umgang mit kleinen Kindern und das Vermitteln wichtiger F\u00e4higkeiten gesehen habe. Julianna hat eine nat\u00fcrliche Affinit\u00e4t zu Kindern und gewinnt ihre Zuneigung m\u00fchelos. Sie ist ruhig, verspielt und hat echte Freude an ihrer Arbeit. Meine derzeitigen Kunden haben beispielsweise ein vierj\u00e4hriges, ein zweieinhalbj\u00e4hriges und ein zw\u00f6lf Monate altes Kind, die Julianna nicht nur verehren, sondern auch in Bezug auf ihr Selbstvertrauen und ihre F\u00e4higkeiten im Schwimmen ihren Altersgenossen weit voraus sind. Ihre Schwimmstunden mit Julianna sind ihr Lieblingsmoment der Woche, und ich finde es toll, wie begeistert sie sind, mit ihr in den Pool zu springen. Julianna kann wunderbar mit Kindern und Babys umgehen und verf\u00fcgt \u00fcber ein umfangreiches Repertoire an Spielen, Liedern, Materialien und \u00dcbungen, um wichtige Schwimmfertigkeiten und auch die Sicherheit im Schwimmbad zu vermitteln. Sie leitet die Kinder m\u00fchelos an und hat ihre ungeteilte Aufmerksamkeit w\u00e4hrend des gesamten Unterrichts \u2013 sie wollen gar nicht, dass er endet! Julianna passt nicht nur auf die Kinder im Wasser auf \u2013 jeder Unterricht ist sorgf\u00e4ltig auf das Alter und das Selbstvertrauen der Kinder abgestimmt, und sie ist wirklich stolz und gl\u00fccklich darauf, im Schwimmbad zu unterrichten und die Unterrichtszeit optimal zu nutzen. Julianna ist nicht nur eine Investition in die Schwimmf\u00e4higkeiten und das Selbstvertrauen Ihrer Kinder, sie ist auch eine Freude und strahlt in jeder einzelnen Unterrichtsstunde ohne Ausnahme W\u00e4rme und Begeisterung aus. Ich bin ehrlich davon \u00fcberzeugt, dass sie die beste Schwimmlehrerin f\u00fcr Kinder in London ist und jede Familie gl\u00fccklich sein kann, wenn sie einen Termin bei ihr bekommt.<\/p>\n<h4 style=\"margin-bottom: 5px;\">Amelia<\/h4>\n<p><strong>Mutterschaftskrankenschwester &amp; Kinderm\u00e4dchen<\/strong>[\/vc_column_text][vc_empty_space][\/vc_column][vc_column width=&#8220;1\/2&#8243;][vc_empty_space height=&#8220;100px&#8220;]<div class=\"wpb_content_element ut-gallery-5  clearfix\"><style type=\"text\/css\">#ut_ig_69d443dc25588 .ut-lazy:not(.ut-image-loaded) + .ut-video-module-loading { display:block; }#ut_ig_69d443dc25588 .ut-lazy.ut-image-loaded + .ut-video-module-loading { display:none; }<\/style><div id=\"ut_ig_69d443dc25588\" class=\"ut-image-gallery ut-image-gallery-module  ut-image-gallery-5 clearfix\" data-settings=\"{&quot;animate&quot;:true,&quot;effect&quot;:&quot;&quot;,&quot;lazy&quot;:true,&quot;delay_animation&quot;:false,&quot;global_delay_animation&quot;:false,&quot;delay_timer&quot;:100,&quot;global_delay_timer&quot;:100}\" ><div  data-count=\"1\" class=\"ut-image-gallery-item ut-animation-done grid-100 tablet-grid-100 mobile-grid-100 ut-desktop-last\"><a  class=\"ut-vc-images-lightbox ut-vc-images-lightbox-group-image\" data-sub-html=\"#ut-image-caption-513\" data-exthumbimage=\"https:\/\/starswimmers.de\/german\/wp-content\/uploads\/2025\/11\/Frankfurt-Schwimmkurs-Schwimmschule-Baby-Babyschwimmen-Sachsenhausen-200x200.jpg\" href=\"https:\/\/starswimmers.de\/german\/wp-content\/uploads\/2025\/11\/Frankfurt-Schwimmkurs-Schwimmschule-Baby-Babyschwimmen-Sachsenhausen.jpg\" ><div class=\"ut-image-gallery-image\" ><img loading=\"lazy\" decoding=\"async\"  class=\" ut-lazy skip-lazy\" src=\"data:image\/svg+xml;charset=utf-8,%3Csvg xmlns%3D'http%3A%2F%2Fwww.w3.org%2F2000%2Fsvg' viewBox%3D'0 0 800 596'%2F%3E\" data-src=\"https:\/\/starswimmers.de\/german\/wp-content\/uploads\/2025\/11\/Frankfurt-Schwimmkurs-Schwimmschule-Baby-Babyschwimmen-Sachsenhausen.jpg\" width=\"800\" height=\"596\"><\/div><div id=\"ut-image-caption-513\" class=\"ut-vc-images-lightbox-caption\">Unsere Schwimmschule in Frankfurt Sachsenhausen bietet Babyschwimmkurse f\u00fcr kleine Kinder an.<\/div><\/a><\/div><div class=\"clear hide-on-tablet\"><\/div><div  data-count=\"1\" class=\"ut-image-gallery-item ut-animation-done ut-animation-done grid-100 tablet-grid-100 mobile-grid-100\"><a  class=\"ut-vc-images-lightbox ut-vc-images-lightbox-group-image\" data-sub-html=\"#ut-image-caption-515\" data-exthumbimage=\"https:\/\/starswimmers.de\/german\/wp-content\/uploads\/2025\/11\/Schwimmkurs-Frankfurt-Schwimmschule-Baby-Babyschwimmen-Sachsenhausen-200x200.jpg\" href=\"https:\/\/starswimmers.de\/german\/wp-content\/uploads\/2025\/11\/Schwimmkurs-Frankfurt-Schwimmschule-Baby-Babyschwimmen-Sachsenhausen.jpg\" ><div class=\"ut-image-gallery-image\" ><img loading=\"lazy\" decoding=\"async\"  class=\" ut-lazy skip-lazy\" src=\"data:image\/svg+xml;charset=utf-8,%3Csvg xmlns%3D'http%3A%2F%2Fwww.w3.org%2F2000%2Fsvg' viewBox%3D'0 0 800 596'%2F%3E\" data-src=\"https:\/\/starswimmers.de\/german\/wp-content\/uploads\/2025\/11\/Schwimmkurs-Frankfurt-Schwimmschule-Baby-Babyschwimmen-Sachsenhausen.jpg\" width=\"800\" height=\"596\"><\/div><div id=\"ut-image-caption-515\" class=\"ut-vc-images-lightbox-caption\">Unsere Schwimmschule in Frankfurt Sachsenhausen bietet Babyschwimmkurse f\u00fcr kleine Kinder an.<\/div><\/a><\/div><div class=\"ut-image-gallery-sizer\"><\/div><div class=\"clear\"><\/div><\/div><\/div>[\/vc_column][\/vc_row][vc_row css=&#8220;.vc_custom_1686452213742{margin-top: 0px !important;margin-bottom: 20px !important;padding-top: 0px !important;padding-bottom: 0px !important;}&#8220;][vc_column][\/vc_column][\/vc_row][vc_row][vc_column width=&#8220;1\/2&#8243;][vc_empty_space height=&#8220;130px&#8220;]<div class=\"wpb_content_element ut-gallery-5  clearfix\"><style type=\"text\/css\">#ut_ig_69d443dc25f34 .ut-lazy:not(.ut-image-loaded) + .ut-video-module-loading { display:block; }#ut_ig_69d443dc25f34 .ut-lazy.ut-image-loaded + .ut-video-module-loading { display:none; }<\/style><div id=\"ut_ig_69d443dc25f34\" class=\"ut-image-gallery ut-image-gallery-module  ut-image-gallery-5 clearfix\" data-settings=\"{&quot;animate&quot;:true,&quot;effect&quot;:&quot;&quot;,&quot;lazy&quot;:true,&quot;delay_animation&quot;:false,&quot;global_delay_animation&quot;:false,&quot;delay_timer&quot;:100,&quot;global_delay_timer&quot;:100}\" ><div  data-count=\"1\" class=\"ut-image-gallery-item ut-animation-done grid-100 tablet-grid-100 mobile-grid-100\"><a  class=\"ut-vc-images-lightbox ut-vc-images-lightbox-group-image\" data-sub-html=\"#ut-image-caption-510\" data-exthumbimage=\"https:\/\/starswimmers.de\/german\/wp-content\/uploads\/2025\/11\/Frankfurt-Schwimmschule-Babyschwimmen-Schwimmkurs-Baby-Sachsenhausen-200x200.jpg\" href=\"https:\/\/starswimmers.de\/german\/wp-content\/uploads\/2025\/11\/Frankfurt-Schwimmschule-Babyschwimmen-Schwimmkurs-Baby-Sachsenhausen.jpg\" ><div class=\"ut-image-gallery-image\" ><img loading=\"lazy\" decoding=\"async\"  class=\" ut-lazy skip-lazy\" src=\"data:image\/svg+xml;charset=utf-8,%3Csvg xmlns%3D'http%3A%2F%2Fwww.w3.org%2F2000%2Fsvg' viewBox%3D'0 0 800 596'%2F%3E\" data-src=\"https:\/\/starswimmers.de\/german\/wp-content\/uploads\/2025\/11\/Frankfurt-Schwimmschule-Babyschwimmen-Schwimmkurs-Baby-Sachsenhausen.jpg\" width=\"800\" height=\"596\"><\/div><div id=\"ut-image-caption-510\" class=\"ut-vc-images-lightbox-caption\">Unsere Schwimmschule in Frankfurt Sachsenhausen bietet Babyschwimmkurse f\u00fcr kleine Kinder an.<\/div><\/a><\/div><div class=\"ut-image-gallery-sizer\"><\/div><div class=\"clear\"><\/div><\/div><\/div>[\/vc_column][vc_column width=&#8220;1\/2&#8243; css=&#8220;.vc_custom_1686420174312{background-color: #e7e5df !important;border-radius: 10px !important;}&#8220;][vc_column_text]Juliana hat eine so liebenswerte und strahlende Pers\u00f6nlichkeit, dass ich glaube, jeder, der ihr einmal begegnet, sie auf den ersten Blick mag. Sie ist eine sehr professionelle Schwimmlehrerin und geht auf jedes Kind individuell ein, was sie noch wertvoller macht. Sie ist Schwimmlehrerin f\u00fcr vier Kinder in der Familie, f\u00fcr die ich arbeite, und jedes Mal, wenn ich die Kinder zu ihrem Unterricht kommen sehe, sind sie sehr aufgeregt, gl\u00fccklich und freuen sich darauf. Die Kinder sind noch sehr klein und sprechen noch nicht viel, aber die meisten von ihnen kennen bereits den Namen ihrer Lehrerin und sprechen ihn mit einem breiten L\u00e4cheln im Gesicht aus. Wir hatten noch nie Probleme mit Juliana in Bezug auf die Arbeit \u2013 sie ist immer p\u00fcnktlich, immer gut gelaunt und hat eine positive Einstellung zu den Kindern. Die Mitarbeiter im Haus m\u00f6gen sie ebenfalls, weil sie immer kooperativ und umg\u00e4nglich ist. Ich w\u00fcrde Juliana auf jeden Fall als Schwimmlehrerin f\u00fcr Ihre Kinder empfehlen, denn sie wird Ihren Kindern nicht nur helfen, wichtige F\u00e4higkeiten zu erlernen, sondern auch ein L\u00e4cheln und Freude auf ihre kleinen Gesichter zaubern.<\/p>\n<h4 style=\"margin-bottom: 5px;\">Irina<\/h4>\n<p><strong>Irina, Assistent der Gesch\u00e4ftsleitung<\/strong>[\/vc_column_text][vc_empty_space][\/vc_column][\/vc_row][vc_row css=&#8220;.vc_custom_1686452213742{margin-top: 0px !important;margin-bottom: 20px !important;padding-top: 0px !important;padding-bottom: 0px !important;}&#8220;][vc_column][\/vc_column][\/vc_row][vc_row][vc_column width=&#8220;1\/2&#8243; css=&#8220;.vc_custom_1686420174312{background-color: #e7e5df !important;border-radius: 10px !important;}&#8220;][vc_column_text]\u201eJuliana ist gro\u00dfartig \u2013 lustig, enthusiastisch und eine fantastische Lehrerin. Sie unterrichtet meinen Sohn seit seinem vierten Lebensmonat, und ich habe beobachtet, wie er an Selbstvertrauen gewonnen hat und jede Unterrichtsstunde genie\u00dft \u2013 er freut sich jede Woche darauf. Juliana bietet strukturiertes Lernen, st\u00e4rkt das Selbstvertrauen und die Technik der Kinder \u2013 und macht dabei den Unterricht zu einem unterhaltsamen Prozess, bei dem die Kinder eher das Gef\u00fchl haben, zu spielen, und nicht unbedingt merken, dass sie lernen. Ich kann sie gar nicht genug loben. Sie hat beharrlich mit mir und vielen anderen Eltern zusammengearbeitet, um den Kindern durch die schwierige Baby-\/Kleinkindphase und ihre Zur\u00fcckhaltung zu helfen \u2013 und das ganz m\u00fchelos! Ich wollte meine Kinder schon immer zu selbstbewussten Schwimmern erziehen, und Juliana ist ein Geschenk des Himmels.\u201c<\/p>\n<h4 style=\"margin-bottom: 5px;\">Taryn, Oscar und Cooper Mama<\/h4>\n<p>[\/vc_column_text][\/vc_column][vc_column width=&#8220;1\/2&#8243;][vc_empty_space height=&#8220;120px&#8220;]<div class=\"wpb_content_element ut-gallery-5  clearfix\"><style type=\"text\/css\">#ut_ig_69d443dc26416 .ut-lazy:not(.ut-image-loaded) + .ut-video-module-loading { display:block; }#ut_ig_69d443dc26416 .ut-lazy.ut-image-loaded + .ut-video-module-loading { display:none; }<\/style><div id=\"ut_ig_69d443dc26416\" class=\"ut-image-gallery ut-image-gallery-module  ut-image-gallery-5 clearfix\" data-settings=\"{&quot;animate&quot;:true,&quot;effect&quot;:&quot;&quot;,&quot;lazy&quot;:true,&quot;delay_animation&quot;:false,&quot;global_delay_animation&quot;:false,&quot;delay_timer&quot;:100,&quot;global_delay_timer&quot;:100}\" ><div  data-count=\"1\" class=\"ut-image-gallery-item ut-animation-done grid-100 tablet-grid-100 mobile-grid-100\"><a  class=\"ut-vc-images-lightbox ut-vc-images-lightbox-group-image\" data-sub-html=\"#ut-image-caption-509\" data-exthumbimage=\"https:\/\/starswimmers.de\/german\/wp-content\/uploads\/2025\/11\/Frankfurt-Babyschwimmen-Schwimmschule-Schwimmkurs-Baby-Sachsenhausen-200x200.jpg\" href=\"https:\/\/starswimmers.de\/german\/wp-content\/uploads\/2025\/11\/Frankfurt-Babyschwimmen-Schwimmschule-Schwimmkurs-Baby-Sachsenhausen.jpg\" ><div class=\"ut-image-gallery-image\" ><img loading=\"lazy\" decoding=\"async\"  class=\" ut-lazy skip-lazy\" src=\"data:image\/svg+xml;charset=utf-8,%3Csvg xmlns%3D'http%3A%2F%2Fwww.w3.org%2F2000%2Fsvg' viewBox%3D'0 0 867 455'%2F%3E\" data-src=\"https:\/\/starswimmers.de\/german\/wp-content\/uploads\/2025\/11\/Frankfurt-Babyschwimmen-Schwimmschule-Schwimmkurs-Baby-Sachsenhausen.jpg\" width=\"867\" height=\"455\"><\/div><div id=\"ut-image-caption-509\" class=\"ut-vc-images-lightbox-caption\">Unsere Schwimmschule in Frankfurt Sachsenhausen bietet Babyschwimmkurse f\u00fcr kleine Kinder an.<\/div><\/a><\/div><div class=\"ut-image-gallery-sizer\"><\/div><div class=\"clear\"><\/div><\/div><\/div>[\/vc_column][\/vc_row][vc_row][vc_column]<div class=\"wpb_content_element ut-gallery-5  clearfix\"><style type=\"text\/css\">#ut_ig_69d443dc26882 .ut-lazy:not(.ut-image-loaded) + .ut-video-module-loading { display:block; }#ut_ig_69d443dc26882 .ut-lazy.ut-image-loaded + .ut-video-module-loading { display:none; }<\/style><div id=\"ut_ig_69d443dc26882\" class=\"ut-image-gallery ut-image-gallery-module  ut-image-gallery-5 clearfix\" data-settings=\"{&quot;animate&quot;:true,&quot;effect&quot;:&quot;&quot;,&quot;lazy&quot;:true,&quot;delay_animation&quot;:false,&quot;global_delay_animation&quot;:false,&quot;delay_timer&quot;:100,&quot;global_delay_timer&quot;:100}\" ><div  data-count=\"2\" class=\"ut-image-gallery-item ut-animation-done grid-50 tablet-grid-50 mobile-grid-100\"><a  class=\"ut-vc-images-lightbox ut-vc-images-lightbox-group-image\" data-sub-html=\"#ut-image-caption-512\" data-exthumbimage=\"https:\/\/starswimmers.de\/german\/wp-content\/uploads\/2025\/11\/Schwimmschule-Frankfurt-Babyschwimmen-Schwimmkurs-Baby-Sachsenhausen-200x200.jpg\" href=\"https:\/\/starswimmers.de\/german\/wp-content\/uploads\/2025\/11\/Schwimmschule-Frankfurt-Babyschwimmen-Schwimmkurs-Baby-Sachsenhausen.jpg\" ><div class=\"ut-image-gallery-image\" ><img loading=\"lazy\" decoding=\"async\"  class=\" ut-lazy skip-lazy\" src=\"data:image\/svg+xml;charset=utf-8,%3Csvg xmlns%3D'http%3A%2F%2Fwww.w3.org%2F2000%2Fsvg' viewBox%3D'0 0 800 596'%2F%3E\" data-src=\"https:\/\/starswimmers.de\/german\/wp-content\/uploads\/2025\/11\/Schwimmschule-Frankfurt-Babyschwimmen-Schwimmkurs-Baby-Sachsenhausen.jpg\" width=\"800\" height=\"596\"><\/div><div id=\"ut-image-caption-512\" class=\"ut-vc-images-lightbox-caption\">Unsere Schwimmschule in Frankfurt Sachsenhausen bietet Babyschwimmkurse f\u00fcr kleine Kinder an.<\/div><\/a><\/div><div  data-count=\"2\" class=\"ut-image-gallery-item ut-animation-done ut-animation-done grid-50 tablet-grid-50 mobile-grid-100\"><a  class=\"ut-vc-images-lightbox ut-vc-images-lightbox-group-image\" data-sub-html=\"#ut-image-caption-511\" data-exthumbimage=\"https:\/\/starswimmers.de\/german\/wp-content\/uploads\/2025\/11\/Schwimmkurs-Schwimmschule-Frankfurt-Baby-Babyschwimmen-Sachsenhausen-200x200.jpg\" href=\"https:\/\/starswimmers.de\/german\/wp-content\/uploads\/2025\/11\/Schwimmkurs-Schwimmschule-Frankfurt-Baby-Babyschwimmen-Sachsenhausen.jpg\" ><div class=\"ut-image-gallery-image\" ><img loading=\"lazy\" decoding=\"async\"  class=\" ut-lazy skip-lazy\" src=\"data:image\/svg+xml;charset=utf-8,%3Csvg xmlns%3D'http%3A%2F%2Fwww.w3.org%2F2000%2Fsvg' viewBox%3D'0 0 800 596'%2F%3E\" data-src=\"https:\/\/starswimmers.de\/german\/wp-content\/uploads\/2025\/11\/Schwimmkurs-Schwimmschule-Frankfurt-Baby-Babyschwimmen-Sachsenhausen.jpg\" width=\"800\" height=\"596\"><\/div><div id=\"ut-image-caption-511\" class=\"ut-vc-images-lightbox-caption\">Unsere Schwimmschule in Frankfurt Sachsenhausen bietet Babyschwimmkurse f\u00fcr kleine Kinder an.<\/div><\/a><\/div><div class=\"ut-image-gallery-sizer\"><\/div><div class=\"clear\"><\/div><\/div><\/div>[\/vc_column][\/vc_row][\/vc_section]<\/p>\n<\/div>","protected":false},"excerpt":{"rendered":"<p>[vc_section css=&#8220;.vc_custom_1686421007064{margin-top: 0px !important;padding-top: 60px !important;}&#8220;][vc_row][vc_column][vc_column_text] Erfahrungsberichte [\/vc_column_text][\/vc_column][\/vc_row][vc_row css=&#8220;.vc_custom_1686452213742{margin-top: 0px !important;margin-bottom: 20px !important;padding-top: 0px !important;padding-bottom: 0px !important;}&#8220;][vc_column][\/vc_column][\/vc_row][vc_row][vc_column width=&#8220;1\/2&#8243; css=&#8220;.vc_custom_1686420174312{background-color: #e7e5df !important;border-radius: 10px !important;}&#8220;][vc_column_text]Als Mutterschaftskrankenschwester und Kinderm\u00e4dchen, die weltweit und mit unz\u00e4hligen VIP-Familien gearbeitet hat, habe ich viele Schwimmlehrer und deren Unterricht kennengelernt und beobachtet und viel Zeit im Schwimmbad verbracht. Zu sagen, dass Julianna in [&hellip;]<\/p>\n","protected":false},"author":1,"featured_media":0,"parent":0,"menu_order":0,"comment_status":"closed","ping_status":"closed","template":"","meta":{"footnotes":""},"class_list":["post-225","page","type-page","status-publish","hentry"],"_links":{"self":[{"href":"https:\/\/starswimmers.de\/german\/wp-json\/wp\/v2\/pages\/225","targetHints":{"allow":["GET"]}}],"collection":[{"href":"https:\/\/starswimmers.de\/german\/wp-json\/wp\/v2\/pages"}],"about":[{"href":"https:\/\/starswimmers.de\/german\/wp-json\/wp\/v2\/types\/page"}],"author":[{"embeddable":true,"href":"https:\/\/starswimmers.de\/german\/wp-json\/wp\/v2\/users\/1"}],"replies":[{"embeddable":true,"href":"https:\/\/starswimmers.de\/german\/wp-json\/wp\/v2\/comments?post=225"}],"version-history":[{"count":31,"href":"https:\/\/starswimmers.de\/german\/wp-json\/wp\/v2\/pages\/225\/revisions"}],"predecessor-version":[{"id":534,"href":"https:\/\/starswimmers.de\/german\/wp-json\/wp\/v2\/pages\/225\/revisions\/534"}],"wp:attachment":[{"href":"https:\/\/starswimmers.de\/german\/wp-json\/wp\/v2\/media?parent=225"}],"curies":[{"name":"wp","href":"https:\/\/api.w.org\/{rel}","templated":true}]}}