{"id":360,"date":"2023-07-09T15:33:13","date_gmt":"2023-07-09T13:33:13","guid":{"rendered":"https:\/\/starswimmers.de\/german\/?page_id=360"},"modified":"2025-12-02T19:39:47","modified_gmt":"2025-12-02T18:39:47","slug":"baby-schwimmschule-schwimmkurs-frankfurt-kontakt","status":"publish","type":"page","link":"https:\/\/starswimmers.de\/german\/baby-schwimmschule-schwimmkurs-frankfurt-kontakt\/","title":{"rendered":"Kontakt"},"content":{"rendered":"<div class=\"wpb-content-wrapper\"><p>[vc_section css=&#8220;.vc_custom_1688909337000{margin-top: 0px !important;padding-top: 60px !important;}&#8220;][vc_row][vc_column width=&#8220;1\/2&#8243;][vc_column_text]<\/p>\n<h1>Jetzt in Frankfurt ge\u00f6ffnet!<\/h1>\n<p>Wir freuen uns, Ihnen mitteilen zu k\u00f6nnen, dass Frankfurts erste spezielle und eigens daf\u00fcr gebaute Babyschwimmschule nun er\u00f6ffnet ist! Hier werden Ihre Kleinen viel Spa\u00df haben und schon fr\u00fch schwimmen lernen!<\/p>\n<p>Wir befinden uns in der Schweizer Str. 54C (im Innenhof!) direkt am Schweitzer Platz in Sachsenhausen und bieten Kurse f\u00fcr Babys ab der Geburt bis zum Vorschulalter an.<\/p>\n<p><strong>Feedback, Kommentare, Fragen \u2013 wir freuen uns \u00fcber alles! Nutzen Sie unser Formular, um mit uns in Kontakt zu treten!<\/strong>[\/vc_column_text][vc_empty_space height=&#8220;5px&#8220;]<div  class=\"wpb_content_element   clearfix\"><style type=\"text\/css\">#ut_am_69d443a576e24 { opacity: 1; }#ut_am_wrap_69d443a576e26 .ut-image-gallery-item-caption-title h3 { letter-spacing: 0em; }#ut_am_wrap_69d443a576e26 .ut-gallery-slider-caption { font-weight: bold; }#ut_am_wrap_69d443a576e26 { text-align: center; }@media (min-width: 768px) and (max-width: 1024px) { #ut_am_wrap_69d443a576e26 { text-align: center !important; } }@media (max-width: 767px) { #ut_am_wrap_69d443a576e26 { text-align: center !important; } }<\/style><div id=\"ut_am_wrap_69d443a576e26\" class=\"ut-image-gallery-image \"><div id=\"ut_reveal_69d443a576e28\"  data-appear-top-offset=\"auto\" class=\"ut-animated-image-item ut-image-gallery-item ut-animation-done \"><a class=\"ut-deactivated-link\" href=\"#\"><div class=\"ut-animated-image-zoom\"><img loading=\"lazy\" decoding=\"async\" class=\"ut-lazy skip-lazy ut-animated-image \"  id=\"ut_am_69d443a576e24\" src=\"data:image\/svg+xml;charset=utf-8,%3Csvg xmlns%3D'http%3A%2F%2Fwww.w3.org%2F2000%2Fsvg' viewBox%3D'0 0 2000 1334'%2F%3E\" data-src=\"https:\/\/starswimmers.de\/german\/wp-content\/uploads\/2025\/11\/Schwimmkurs-Schwimmschule-Baby-Babyschwimmen-Frankfurt-Sachsenhausen.jpg\" width=\"2000\" height=\"1334\" alt=\"Zertifizierte Trainer unterrichten Babyschwimmen in Frankfurt Sachsenhausen.\"\/><\/div><\/a><\/div><\/div><\/div>[\/vc_column][vc_column width=&#8220;1\/2&#8243;][vc_empty_space height=&#8220;50px&#8220; tablet_height=&#8220;50&#8243; mobile_height=&#8220;0&#8243;][vc_column_text]<\/p>\n<h1>Kontakt aufnehmen<\/h1>\n<p>[\/vc_column_text]<style type=\"text\/css\">#ut_cf7_colors_69d443a576f6b label { color:#51bcb9 !important; }#ut_cf7_colors_69d443a576f6b .wpcf7-form input[type=\"submit\"] { color:#ffffff !important; }#ut_cf7_colors_69d443a576f6b .wpcf7-form input[type=\"submit\"]:hover { color:#ffffff !important; }#ut_cf7_colors_69d443a576f6b .wpcf7-form input[type=\"submit\"] { background:#51bcb9 !important; }#ut_cf7_colors_69d443a576f6b .wpcf7-form input[type=\"submit\"]:hover { background:#51bcb9 !important; }<\/style><div id=\"ut_cf7_colors_69d443a576f6b\" class=\"wpb_content_element  \">\n<div class=\"wpcf7 no-js\" id=\"wpcf7-f77-o1\" lang=\"en-US\" dir=\"ltr\" data-wpcf7-id=\"77\">\n<div class=\"screen-reader-response\"><p role=\"status\" aria-live=\"polite\" aria-atomic=\"true\"><\/p> <ul><\/ul><\/div>\n<form action=\"\/german\/wp-json\/wp\/v2\/pages\/360#wpcf7-f77-o1\" method=\"post\" class=\"wpcf7-form init\" aria-label=\"Contact form\" novalidate=\"novalidate\" data-status=\"init\">\n<fieldset class=\"hidden-fields-container\"><input type=\"hidden\" name=\"_wpcf7\" value=\"77\" \/><input type=\"hidden\" name=\"_wpcf7_version\" value=\"6.1.3\" \/><input type=\"hidden\" name=\"_wpcf7_locale\" value=\"en_US\" \/><input type=\"hidden\" name=\"_wpcf7_unit_tag\" value=\"wpcf7-f77-o1\" \/><input type=\"hidden\" name=\"_wpcf7_container_post\" value=\"0\" \/><input type=\"hidden\" name=\"_wpcf7_posted_data_hash\" value=\"\" \/>\n<\/fieldset>\n<div class=\"wps-form\">\n\t<p><label>Alter Ihres Kindes<\/label>\n\t<\/p>\n\t<div class=\"wps-form-row\">\n\t\t<div class=\"wps-form-column\">\n\t\t\t<p><label> Jahre<br \/>\n<span class=\"wpcf7-form-control-wrap\" data-name=\"Years\"><input size=\"40\" maxlength=\"400\" class=\"wpcf7-form-control wpcf7-text\" aria-invalid=\"false\" value=\"\" type=\"text\" name=\"Years\" \/><\/span> <\/label>\n\t\t\t<\/p>\n\t\t<\/div>\n\t\t<div class=\"wps-form-column\">\n\t\t\t<p><label> Monate<br \/>\n<span class=\"wpcf7-form-control-wrap\" data-name=\"Months\"><input size=\"40\" maxlength=\"400\" class=\"wpcf7-form-control wpcf7-text\" aria-invalid=\"false\" value=\"\" type=\"text\" name=\"Months\" \/><\/span> <\/label>\n\t\t\t<\/p>\n\t\t<\/div>\n\t<\/div>\n\t<p><label>Email<br \/>\n<span class=\"wpcf7-form-control-wrap\" data-name=\"your-email\"><input size=\"40\" maxlength=\"400\" class=\"wpcf7-form-control wpcf7-email wpcf7-validates-as-required wpcf7-text wpcf7-validates-as-email\" aria-required=\"true\" aria-invalid=\"false\" value=\"\" type=\"email\" name=\"your-email\" \/><\/span> <\/label>\n\t<\/p>\n\t<p><label> Haben Sie Fragen oder Anmerkungen?<br \/>\n<span class=\"wpcf7-form-control-wrap\" data-name=\"your-message\"><textarea cols=\"40\" rows=\"10\" maxlength=\"2000\" class=\"wpcf7-form-control wpcf7-textarea\" aria-invalid=\"false\" name=\"your-message\"><\/textarea><\/span> <\/label>\n\t<\/p>\n\t<p>(Alles bleibt zwischen Ihnen und uns, und wir versprechen Ihnen, dass wir Ihre Daten niemals an Dritte weitergeben werden.)\n\t<\/p>\n\t<div style=\"height:15px;\">\n\t<\/div>\n\t<p><span class=\"wpcf7-form-control-wrap kc_captcha\" data-name=\"kc_captcha\"><span class=\"wpcf7-form-control wpcf7-radio\"><span class=\"captcha-image\" ><span class=\"cf7ic_instructions\">Please prove you are human by selecting the<span> house<\/span>.<\/span><label><input aria-label=\"1\" type=\"radio\" name=\"kc_captcha\" value=\"kc_human\" \/><svg aria-hidden=\"true\" role=\"img\" xmlns=\"http:\/\/www.w3.org\/2000\/svg\" viewBox=\"0 0 576 512\"><path fill=\"currentColor\" d=\"M488 313v143c0 13-11 24-24 24H348c-7 0-12-5-12-12V356c0-7-5-12-12-12h-72c-7 0-12 5-12 12v112c0 7-5 12-12 12H112c-13 0-24-11-24-24V313c0-4 2-7 4-10l188-154c5-4 11-4 16 0l188 154c2 3 4 6 4 10zm84-61l-84-69V44c0-6-5-12-12-12h-56c-7 0-12 6-12 12v73l-89-74a48 48 0 00-61 0L4 252c-5 4-5 12-1 17l25 31c5 5 12 5 17 1l235-193c5-4 11-4 16 0l235 193c5 5 13 4 17-1l25-31c4-6 4-13-1-17z\"\/><\/svg><\/label><label><input aria-label=\"2\" type=\"radio\" name=\"kc_captcha\" value=\"bot\" \/><svg aria-hidden=\"true\" role=\"img\" xmlns=\"http:\/\/www.w3.org\/2000\/svg\" viewBox=\"0 0 512 512\"><path fill=\"currentColor\" d=\"M512 176a176 176 0 01-209 173l-24 27a24 24 0 01-18 8h-37v40c0 13-11 24-24 24h-40v40c0 13-11 24-24 24H24c-13 0-24-11-24-24v-78c0-6 3-13 7-17l162-162a176 176 0 11343-55zm-176-48a48 48 0 1096 0 48 48 0 00-96 0z\"\/><\/svg><\/label><label><input aria-label=\"3\" type=\"radio\" name=\"kc_captcha\" value=\"bot\" \/><svg aria-hidden=\"true\" role=\"img\" xmlns=\"http:\/\/www.w3.org\/2000\/svg\" viewBox=\"0 0 384 512\"><path fill=\"currentColor\" d=\"M377 375l-83-87h34c21 0 32-25 17-40l-82-88h33c21 0 32-25 18-40L210 8c-10-11-26-11-36 0L70 120c-14 15-3 40 18 40h33l-82 88c-15 15-4 40 17 40h34L7 375c-15 16-4 41 17 41h120c0 33-11 49-34 68-12 9-5 28 10 28h144c15 0 22-19 10-28-20-16-34-32-34-68h120c21 0 32-25 17-41z\"\/><\/svg><\/label>\r\n    <\/span>\r\n    <span style=\"display:none\">\r\n        <input type=\"text\" name=\"kc_honeypot\">\r\n    <\/span><\/span><\/span>\n\t<\/p>\n\t<div style=\"height:15px;\">\n\t<\/div>\n\t<p><input class=\"wpcf7-form-control wpcf7-submit has-spinner\" type=\"submit\" value=\"Senden\" \/>\n\t<\/p>\n<\/div><div class=\"wpcf7-response-output\" aria-hidden=\"true\"><\/div>\n<\/form>\n<\/div>\n<\/div>[\/vc_column][\/vc_row][\/vc_section]<\/p>\n<\/div>","protected":false},"excerpt":{"rendered":"<p>[vc_section css=&#8220;.vc_custom_1688909337000{margin-top: 0px !important;padding-top: 60px !important;}&#8220;][vc_row][vc_column width=&#8220;1\/2&#8243;][vc_column_text] Jetzt in Frankfurt ge\u00f6ffnet! Wir freuen uns, Ihnen mitteilen zu k\u00f6nnen, dass Frankfurts erste spezielle und eigens daf\u00fcr gebaute Babyschwimmschule nun er\u00f6ffnet ist! Hier werden Ihre Kleinen viel Spa\u00df haben und schon fr\u00fch schwimmen lernen! Wir befinden uns in der Schweizer Str. 54C (im Innenhof!) direkt am Schweitzer [&hellip;]<\/p>\n","protected":false},"author":1,"featured_media":0,"parent":0,"menu_order":0,"comment_status":"closed","ping_status":"closed","template":"","meta":{"footnotes":""},"class_list":["post-360","page","type-page","status-publish","hentry"],"_links":{"self":[{"href":"https:\/\/starswimmers.de\/german\/wp-json\/wp\/v2\/pages\/360","targetHints":{"allow":["GET"]}}],"collection":[{"href":"https:\/\/starswimmers.de\/german\/wp-json\/wp\/v2\/pages"}],"about":[{"href":"https:\/\/starswimmers.de\/german\/wp-json\/wp\/v2\/types\/page"}],"author":[{"embeddable":true,"href":"https:\/\/starswimmers.de\/german\/wp-json\/wp\/v2\/users\/1"}],"replies":[{"embeddable":true,"href":"https:\/\/starswimmers.de\/german\/wp-json\/wp\/v2\/comments?post=360"}],"version-history":[{"count":12,"href":"https:\/\/starswimmers.de\/german\/wp-json\/wp\/v2\/pages\/360\/revisions"}],"predecessor-version":[{"id":538,"href":"https:\/\/starswimmers.de\/german\/wp-json\/wp\/v2\/pages\/360\/revisions\/538"}],"wp:attachment":[{"href":"https:\/\/starswimmers.de\/german\/wp-json\/wp\/v2\/media?parent=360"}],"curies":[{"name":"wp","href":"https:\/\/api.w.org\/{rel}","templated":true}]}}