{"id":409,"date":"2025-09-24T19:30:07","date_gmt":"2025-09-24T17:30:07","guid":{"rendered":"https:\/\/starswimmers.de\/german\/?page_id=409"},"modified":"2025-12-02T19:32:59","modified_gmt":"2025-12-02T18:32:59","slug":"baby-schwimmschule-schwimmkurs-frankfurt-einrichtung","status":"publish","type":"page","link":"https:\/\/starswimmers.de\/german\/baby-schwimmschule-schwimmkurs-frankfurt-einrichtung\/","title":{"rendered":"Einrichtung"},"content":{"rendered":"<div class=\"wpb-content-wrapper\"><p>[vc_section section_separator_bottom=&#8220;true&#8220; section_separator_svg_bottom=&#8220;double_wave_1&#8243; section_separator_bottom_height=&#8220;11&#8243; section_separator_bottom_color_1=&#8220;#e7e5df&#8220;][vc_row][vc_column width=&#8220;1\/2&#8243;]<div  class=\"wpb_content_element   clearfix\"><style type=\"text\/css\">#ut_am_69d4438a8fd39 { opacity: 1; }#ut_am_wrap_69d4438a8fd3b .ut-image-gallery-item-caption-title h3 { letter-spacing: 0em; }#ut_am_wrap_69d4438a8fd3b .ut-gallery-slider-caption { font-weight: bold; }#ut_am_wrap_69d4438a8fd3b { text-align: center; }@media (min-width: 768px) and (max-width: 1024px) { #ut_am_wrap_69d4438a8fd3b { text-align: center !important; } }@media (max-width: 767px) { #ut_am_wrap_69d4438a8fd3b { text-align: center !important; } }<\/style><div id=\"ut_am_wrap_69d4438a8fd3b\" class=\"ut-image-gallery-image \"><div id=\"ut_reveal_69d4438a8fd3d\"  data-appear-top-offset=\"auto\" class=\"ut-animated-image-item ut-image-gallery-item ut-animation-done \"><a class=\"ut-deactivated-link\" href=\"#\"><div class=\"ut-animated-image-zoom\"><img loading=\"lazy\" decoding=\"async\" class=\"ut-lazy skip-lazy ut-animated-image \"  id=\"ut_am_69d4438a8fd39\" src=\"data:image\/svg+xml;charset=utf-8,%3Csvg xmlns%3D'http%3A%2F%2Fwww.w3.org%2F2000%2Fsvg' viewBox%3D'0 0 333 500'%2F%3E\" data-src=\"https:\/\/starswimmers.de\/german\/wp-content\/uploads\/2025\/11\/Frankfurt-Baby-Schwimmkurs-Schwimmschule-Babyschwimmen-Sachsenhausen.jpg\" width=\"333\" height=\"500\" alt=\"Babyschwimmen in Frankfurt Sachsenhausen ist ideal f\u00fcr die Wassergew\u00f6hnung kleiner Kinder.\"\/><\/div><\/a><\/div><\/div><\/div>[vc_column_text]<\/p>\n<h3 style=\"text-align: center;\">Im Innenhof am Schweizer Platz gelegen<\/h3>\n<p>[\/vc_column_text][\/vc_column][vc_column width=&#8220;1\/2&#8243;]<div  class=\"wpb_content_element   clearfix\"><style type=\"text\/css\">#ut_am_69d4438a90612 { opacity: 1; }#ut_am_wrap_69d4438a90613 .ut-image-gallery-item-caption-title h3 { letter-spacing: 0em; }#ut_am_wrap_69d4438a90613 .ut-gallery-slider-caption { font-weight: bold; }#ut_am_wrap_69d4438a90613 { text-align: left; }@media (min-width: 768px) and (max-width: 1024px) { #ut_am_wrap_69d4438a90613 { text-align: left !important; } }@media (max-width: 767px) { #ut_am_wrap_69d4438a90613 { text-align: center !important; } }<\/style><div id=\"ut_am_wrap_69d4438a90613\" class=\"ut-image-gallery-image \"><div id=\"ut_reveal_69d4438a90614\"  data-appear-top-offset=\"auto\" class=\"ut-animated-image-item ut-image-gallery-item ut-animation-done \"><a class=\"ut-deactivated-link\" href=\"#\"><div class=\"ut-animated-image-zoom\"><img loading=\"lazy\" decoding=\"async\" class=\"ut-lazy skip-lazy ut-animated-image \"  id=\"ut_am_69d4438a90612\" src=\"data:image\/svg+xml;charset=utf-8,%3Csvg xmlns%3D'http%3A%2F%2Fwww.w3.org%2F2000%2Fsvg' viewBox%3D'0 0 360 166'%2F%3E\" data-src=\"https:\/\/starswimmers.de\/german\/wp-content\/uploads\/2025\/11\/Schwimmschule-Baby-Frankfurt-Schwimmkurs-Babyschwimmen-Sachsenhausen.png\" width=\"360\" height=\"166\" alt=\"Eltern begleiten ihre Babys beim Babyschwimmen in unserer Schwimmschule in Frankfurt Sachsenhausen.\"\/><\/div><\/a><\/div><\/div><\/div>[vc_column_text]<\/p>\n<h1>Einrichtung<\/h1>\n<p>Starswimmers wurde speziell f\u00fcr Babys und Eltern konzipiert und bietet eine gem\u00fctliche, familienfreundliche Umgebung mit sorgf\u00e4ltig ausgew\u00e4hlter Einrichtung, die Komfort, Bequemlichkeit und Betreuung vor, w\u00e4hrend und nach jedem Schwimmen gew\u00e4hrleistet.[\/vc_column_text]<style type=\"text\/css\">#bklyn_btn_69d4438a906db .bklyn-btn { color:#ffffff !important; border-radius:3px !important; background-color:#51bcb9 !important; }#bklyn_btn_69d4438a906db .bklyn-btn:hover{ color:#ffffff !important; background-color:#51bcb9 !important; }#bklyn_btn_69d4438a906db .bklyn-btn:focus{ color:#ffffff !important; background-color:#51bcb9 !important; }#bklyn_btn_69d4438a906db .bklyn-btn:active { color:#ffffff !important; background-color:#51bcb9 !important; }#bklyn_btn_69d4438a906db a.bklyn-btn { font-weight:100 !important; }#bklyn_btn_69d4438a906db.bklyn-btn-header a.bklyn-btn { font-weight:100 !important; }#bklyn_btn_69d4438a906db.bklyn-btn-header a.bklyn-btn span { font-weight:100 !important; }<\/style><div id=\"bklyn_btn_69d4438a906db\" class=\"bklyn-btn-holder  bklyn-btn-left bklyn-btn-tablet-left bklyn-btn-mobile-center\"><a title=\"Facilities\"   href=\"https:\/\/starswimmers.de\/german\/booking\/\" target=\"_self\" class=\"bklyn-btn  bklyn-btn-normal\" ><span class=\"ut-btn-text\">Jetzt anmelden<\/span><\/a><\/div>[\/vc_column][\/vc_row][\/vc_section][vc_section section_separator_bottom=&#8220;true&#8220; section_separator_svg_bottom=&#8220;double_wave_1&#8243; section_separator_bottom_height=&#8220;9&#8243; css=&#8220;.vc_custom_1758737051112{background-color: #e7e5df !important;}&#8220; section_separator_bottom_color_1=&#8220;#ffffff&#8220;][vc_row][vc_column width=&#8220;1\/2&#8243;]<div  class=\"wpb_content_element   vc_custom_1764341152971 clearfix\"><style type=\"text\/css\">#ut_am_69d4438a90e8f { opacity: 1; }#ut_am_wrap_69d4438a90e91 .ut-image-gallery-item-caption-title h3 { letter-spacing: 0em; }#ut_am_wrap_69d4438a90e91 .ut-gallery-slider-caption { font-weight: bold; }#ut_am_wrap_69d4438a90e91 { text-align: center; }@media (min-width: 768px) and (max-width: 1024px) { #ut_am_wrap_69d4438a90e91 { text-align: center !important; } }@media (max-width: 767px) { #ut_am_wrap_69d4438a90e91 { text-align: center !important; } }<\/style><div id=\"ut_am_wrap_69d4438a90e91\" class=\"ut-image-gallery-image \"><div id=\"ut_reveal_69d4438a90e92\"  data-appear-top-offset=\"auto\" class=\"ut-animated-image-item ut-image-gallery-item ut-animation-done \"><a class=\"ut-deactivated-link\" href=\"#\"><div class=\"ut-animated-image-zoom\"><img loading=\"lazy\" decoding=\"async\" class=\"ut-lazy skip-lazy ut-animated-image \"  id=\"ut_am_69d4438a90e8f\" src=\"data:image\/svg+xml;charset=utf-8,%3Csvg xmlns%3D'http%3A%2F%2Fwww.w3.org%2F2000%2Fsvg' viewBox%3D'0 0 2000 1334'%2F%3E\" data-src=\"https:\/\/starswimmers.de\/german\/wp-content\/uploads\/2025\/11\/Babyschwimmen-Frankfurt-Schwimmkurs-Schwimmschule-Baby-Sachsenhausen.jpg\" width=\"2000\" height=\"1334\" alt=\"Unsere Schwimmschule in Frankfurt Sachsenhausen bietet Babyschwimmkurse f\u00fcr kleine Kinder an.\"\/><\/div><\/a><\/div><\/div><\/div>[vc_column_text]<\/p>\n<h3 style=\"text-align: center;\">Empfang mit Galerie am Pool<\/h3>\n<p>[\/vc_column_text][\/vc_column][vc_column width=&#8220;1\/2&#8243;]<div  class=\"wpb_content_element   vc_custom_1764341165171 clearfix\"><style type=\"text\/css\">#ut_am_69d4438a913d4 { opacity: 1; }#ut_am_wrap_69d4438a913d6 .ut-image-gallery-item-caption-title h3 { letter-spacing: 0em; }#ut_am_wrap_69d4438a913d6 .ut-gallery-slider-caption { font-weight: bold; }#ut_am_wrap_69d4438a913d6 { text-align: center; }@media (min-width: 768px) and (max-width: 1024px) { #ut_am_wrap_69d4438a913d6 { text-align: center !important; } }@media (max-width: 767px) { #ut_am_wrap_69d4438a913d6 { text-align: center !important; } }<\/style><div id=\"ut_am_wrap_69d4438a913d6\" class=\"ut-image-gallery-image \"><div id=\"ut_reveal_69d4438a913d7\"  data-appear-top-offset=\"auto\" class=\"ut-animated-image-item ut-image-gallery-item ut-animation-done \"><a class=\"ut-deactivated-link\" href=\"#\"><div class=\"ut-animated-image-zoom\"><img loading=\"lazy\" decoding=\"async\" class=\"ut-lazy skip-lazy ut-animated-image \"  id=\"ut_am_69d4438a913d4\" src=\"data:image\/svg+xml;charset=utf-8,%3Csvg xmlns%3D'http%3A%2F%2Fwww.w3.org%2F2000%2Fsvg' viewBox%3D'0 0 2000 1334'%2F%3E\" data-src=\"https:\/\/starswimmers.de\/german\/wp-content\/uploads\/2025\/11\/Baby-Schwimmschule-Schwimmkurs-Frankfurt-Babyschwimmen-Sachsenhausen.jpg\" width=\"2000\" height=\"1334\" alt=\"Unsere Schwimmschule in Frankfurt Sachsenhausen bietet Babyschwimmkurse f\u00fcr kleine Kinder an.\"\/><\/div><\/a><\/div><\/div><\/div>[vc_column_text]<\/p>\n<h3 style=\"text-align: center;\">Pool mit einer Temperatur von 32 Grad<\/h3>\n<p>[\/vc_column_text][\/vc_column][\/vc_row][vc_row][vc_column width=&#8220;1\/2&#8243;]<div  class=\"wpb_content_element   vc_custom_1764341181047 clearfix\"><style type=\"text\/css\">#ut_am_69d4438a91912 { opacity: 1; }#ut_am_wrap_69d4438a91914 .ut-image-gallery-item-caption-title h3 { letter-spacing: 0em; }#ut_am_wrap_69d4438a91914 .ut-gallery-slider-caption { font-weight: bold; }#ut_am_wrap_69d4438a91914 { text-align: center; }@media (min-width: 768px) and (max-width: 1024px) { #ut_am_wrap_69d4438a91914 { text-align: center !important; } }@media (max-width: 767px) { #ut_am_wrap_69d4438a91914 { text-align: center !important; } }<\/style><div id=\"ut_am_wrap_69d4438a91914\" class=\"ut-image-gallery-image \"><div id=\"ut_reveal_69d4438a91915\"  data-appear-top-offset=\"auto\" class=\"ut-animated-image-item ut-image-gallery-item ut-animation-done \"><a class=\"ut-deactivated-link\" href=\"#\"><div class=\"ut-animated-image-zoom\"><img loading=\"lazy\" decoding=\"async\" class=\"ut-lazy skip-lazy ut-animated-image \"  id=\"ut_am_69d4438a91912\" src=\"data:image\/svg+xml;charset=utf-8,%3Csvg xmlns%3D'http%3A%2F%2Fwww.w3.org%2F2000%2Fsvg' viewBox%3D'0 0 2000 1334'%2F%3E\" data-src=\"https:\/\/starswimmers.de\/german\/wp-content\/uploads\/2025\/11\/Baby-Frankfurt-Schwimmkurs-Schwimmschule-Babyschwimmen-Sachsenhausen.jpg\" width=\"2000\" height=\"1334\" alt=\"Unsere Schwimmschule in Frankfurt Sachsenhausen bietet Babyschwimmkurse f\u00fcr kleine Kinder an.\"\/><\/div><\/a><\/div><\/div><\/div>[vc_column_text]<\/p>\n<h3 style=\"text-align: center;\">Umkleideraum f\u00fcr unsere kleinen Schwimmer<\/h3>\n<p>[\/vc_column_text][\/vc_column][vc_column width=&#8220;1\/2&#8243;]<div  class=\"wpb_content_element   vc_custom_1764341193082 clearfix\"><style type=\"text\/css\">#ut_am_69d4438a91e26 { opacity: 1; }#ut_am_wrap_69d4438a91e27 .ut-image-gallery-item-caption-title h3 { letter-spacing: 0em; }#ut_am_wrap_69d4438a91e27 .ut-gallery-slider-caption { font-weight: bold; }#ut_am_wrap_69d4438a91e27 { text-align: center; }@media (min-width: 768px) and (max-width: 1024px) { #ut_am_wrap_69d4438a91e27 { text-align: center !important; } }@media (max-width: 767px) { #ut_am_wrap_69d4438a91e27 { text-align: center !important; } }<\/style><div id=\"ut_am_wrap_69d4438a91e27\" class=\"ut-image-gallery-image \"><div id=\"ut_reveal_69d4438a91e28\"  data-appear-top-offset=\"auto\" class=\"ut-animated-image-item ut-image-gallery-item ut-animation-done \"><a class=\"ut-deactivated-link\" href=\"#\"><div class=\"ut-animated-image-zoom\"><img loading=\"lazy\" decoding=\"async\" class=\"ut-lazy skip-lazy ut-animated-image \"  id=\"ut_am_69d4438a91e26\" src=\"data:image\/svg+xml;charset=utf-8,%3Csvg xmlns%3D'http%3A%2F%2Fwww.w3.org%2F2000%2Fsvg' viewBox%3D'0 0 2000 1334'%2F%3E\" data-src=\"https:\/\/starswimmers.de\/german\/wp-content\/uploads\/2025\/11\/Schwimmschule-Schwimmkurs-Babyschwimmen-Baby-Frankfurt-Sachsenhausen.jpg\" width=\"2000\" height=\"1334\" alt=\"Babyschwimmen in Frankfurt Sachsenhausen ist ideal f\u00fcr die Wassergew\u00f6hnung kleiner Kinder.\"\/><\/div><\/a><\/div><\/div><\/div>[vc_column_text]<\/p>\n<h3 style=\"text-align: center;\">Umkleidem\u00f6glichkeiten f\u00fcr unsere kleinsten Schwimmer<\/h3>\n<p>[\/vc_column_text][\/vc_column][\/vc_row][vc_row][vc_column][\/vc_column][\/vc_row][\/vc_section]<\/p>\n<\/div>","protected":false},"excerpt":{"rendered":"<p>[vc_section section_separator_bottom=&#8220;true&#8220; section_separator_svg_bottom=&#8220;double_wave_1&#8243; section_separator_bottom_height=&#8220;11&#8243; section_separator_bottom_color_1=&#8220;#e7e5df&#8220;][vc_row][vc_column width=&#8220;1\/2&#8243;][vc_column_text] Im Innenhof am Schweizer Platz gelegen [\/vc_column_text][\/vc_column][vc_column width=&#8220;1\/2&#8243;][vc_column_text] Einrichtung Starswimmers wurde speziell f\u00fcr Babys und Eltern konzipiert und bietet eine gem\u00fctliche, familienfreundliche Umgebung mit sorgf\u00e4ltig ausgew\u00e4hlter Einrichtung, die Komfort, Bequemlichkeit und Betreuung vor, w\u00e4hrend und nach jedem Schwimmen gew\u00e4hrleistet.[\/vc_column_text][\/vc_column][\/vc_row][\/vc_section][vc_section section_separator_bottom=&#8220;true&#8220; section_separator_svg_bottom=&#8220;double_wave_1&#8243; section_separator_bottom_height=&#8220;9&#8243; css=&#8220;.vc_custom_1758737051112{background-color: #e7e5df !important;}&#8220; section_separator_bottom_color_1=&#8220;#ffffff&#8220;][vc_row][vc_column width=&#8220;1\/2&#8243;][vc_column_text] Empfang mit [&hellip;]<\/p>\n","protected":false},"author":1,"featured_media":0,"parent":0,"menu_order":0,"comment_status":"closed","ping_status":"closed","template":"","meta":{"footnotes":""},"class_list":["post-409","page","type-page","status-publish","hentry"],"_links":{"self":[{"href":"https:\/\/starswimmers.de\/german\/wp-json\/wp\/v2\/pages\/409","targetHints":{"allow":["GET"]}}],"collection":[{"href":"https:\/\/starswimmers.de\/german\/wp-json\/wp\/v2\/pages"}],"about":[{"href":"https:\/\/starswimmers.de\/german\/wp-json\/wp\/v2\/types\/page"}],"author":[{"embeddable":true,"href":"https:\/\/starswimmers.de\/german\/wp-json\/wp\/v2\/users\/1"}],"replies":[{"embeddable":true,"href":"https:\/\/starswimmers.de\/german\/wp-json\/wp\/v2\/comments?post=409"}],"version-history":[{"count":10,"href":"https:\/\/starswimmers.de\/german\/wp-json\/wp\/v2\/pages\/409\/revisions"}],"predecessor-version":[{"id":535,"href":"https:\/\/starswimmers.de\/german\/wp-json\/wp\/v2\/pages\/409\/revisions\/535"}],"wp:attachment":[{"href":"https:\/\/starswimmers.de\/german\/wp-json\/wp\/v2\/media?parent=409"}],"curies":[{"name":"wp","href":"https:\/\/api.w.org\/{rel}","templated":true}]}}